{"id":3571,"date":"2019-12-16T15:43:11","date_gmt":"2019-12-16T15:43:11","guid":{"rendered":"https:\/\/jelica.prizba.net\/contact\/"},"modified":"2024-10-04T13:16:27","modified_gmt":"2024-10-04T11:16:27","slug":"kontakt","status":"publish","type":"page","link":"https:\/\/jelica.prizba.net\/hr\/kontakt\/","title":{"rendered":"Kontakt i cijene"},"content":{"rendered":"\n<div class=\"wp-block-cover alignfull is-light header-image mb-0 mt-0\"><span aria-hidden=\"true\" class=\"wp-block-cover__background has-background-dim-0 has-background-dim\"><\/span><img decoding=\"async\" loading=\"lazy\" width=\"1600\" height=\"1060\" class=\"wp-block-cover__image-background wp-image-5198\" alt=\"\" src=\"https:\/\/jelica.prizba.net\/wp-content\/uploads\/2021\/01\/jelica-ap2-bedroom-07-2019-pic-01.jpg\" style=\"object-position:49% 48%\" data-object-fit=\"cover\" data-object-position=\"49% 48%\" srcset=\"https:\/\/jelica.prizba.net\/wp-content\/uploads\/2021\/01\/jelica-ap2-bedroom-07-2019-pic-01.jpg 1600w, https:\/\/jelica.prizba.net\/wp-content\/uploads\/2021\/01\/jelica-ap2-bedroom-07-2019-pic-01-600x398.jpg 600w, https:\/\/jelica.prizba.net\/wp-content\/uploads\/2021\/01\/jelica-ap2-bedroom-07-2019-pic-01-1200x795.jpg 1200w, https:\/\/jelica.prizba.net\/wp-content\/uploads\/2021\/01\/jelica-ap2-bedroom-07-2019-pic-01-768x509.jpg 768w, https:\/\/jelica.prizba.net\/wp-content\/uploads\/2021\/01\/jelica-ap2-bedroom-07-2019-pic-01-1536x1018.jpg 1536w, https:\/\/jelica.prizba.net\/wp-content\/uploads\/2021\/01\/jelica-ap2-bedroom-07-2019-pic-01-500x331.jpg 500w, https:\/\/jelica.prizba.net\/wp-content\/uploads\/2021\/01\/jelica-ap2-bedroom-07-2019-pic-01-800x530.jpg 800w, https:\/\/jelica.prizba.net\/wp-content\/uploads\/2021\/01\/jelica-ap2-bedroom-07-2019-pic-01-1280x848.jpg 1280w\" sizes=\"(max-width: 1600px) 100vw, 1600px\" \/><div class=\"wp-block-cover__inner-container is-layout-flow wp-block-cover-is-layout-flow\">\n<p class=\"has-text-align-center has-large-font-size\"><\/p>\n<\/div><\/div>\n\n\n\n<h1 class=\"wp-block-heading has-text-align-center\">Kontakt i cijene &#8211; Apartmani Jelica<\/h1>\n\n\n\n<p>Jelica panoramski apartmani<br>Pri\u017eba 65<br>20271 Blato<br>Otok Kor\u010dula, Hrvatska<br>Mob: +385 98 565 099<\/p>\n\n\n\n<div style=\"height:35px\" aria-hidden=\"true\" class=\"wp-block-spacer\"><\/div>\n\n\n\n<h2 class=\"wp-block-heading\">Cijene<\/h2>\n\n\n\n<div class=\"wp-block-coblocks-accordion\">\n<div class=\"wp-block-coblocks-accordion-item\"><details><summary class=\"wp-block-coblocks-accordion-item__title\">Apartman 1<\/summary><div class=\"wp-block-coblocks-accordion-item__content\">\n<figure class=\"wp-block-table is-style-stripes\"><table class=\"has-fixed-layout\"><tbody><tr><td class=\"has-text-align-left\" data-align=\"left\">Razdoblje<\/td><td class=\"has-text-align-center\" data-align=\"center\">Cijena &#8211; 2 osobe <\/td><td class=\"has-text-align-center\" data-align=\"center\">Cijena &#8211; 2+1 osoba<\/td><\/tr><tr><td class=\"has-text-align-left\" data-align=\"left\">1.6. &#8211; 30.6.<\/td><td class=\"has-text-align-center\" data-align=\"center\">50\u20ac<\/td><td class=\"has-text-align-center\" data-align=\"center\">60\u20ac<\/td><\/tr><tr><td class=\"has-text-align-left\" data-align=\"left\">1.7. &#8211; 31.8.<\/td><td class=\"has-text-align-center\" data-align=\"center\">65\u20ac<\/td><td class=\"has-text-align-center\" data-align=\"center\">75\u20ac<\/td><\/tr><tr><td class=\"has-text-align-left\" data-align=\"left\">1.9. &#8211; 30. 9.<\/td><td class=\"has-text-align-center\" data-align=\"center\">50\u20ac<\/td><td class=\"has-text-align-center\" data-align=\"center\">60\u20ac<\/td><\/tr><\/tbody><\/table><figcaption class=\"wp-element-caption\">Air condition included in the price<\/figcaption><\/figure>\n<\/div><\/details><\/div>\n\n\n\n<div class=\"wp-block-coblocks-accordion-item\"><details><summary class=\"wp-block-coblocks-accordion-item__title\">Apartman 2<\/summary><div class=\"wp-block-coblocks-accordion-item__content\">\n<figure class=\"wp-block-table is-style-stripes\"><table class=\"has-fixed-layout\"><tbody><tr><td>Razdoblje<\/td><td class=\"has-text-align-center\" data-align=\"center\">Cijena<\/td><\/tr><tr><td>1.6. &#8211; 30.6.<\/td><td class=\"has-text-align-center\" data-align=\"center\">50\u20ac<\/td><\/tr><tr><td>1.7. &#8211; 31.8.<\/td><td class=\"has-text-align-center\" data-align=\"center\">65\u20ac<\/td><\/tr><tr><td>1.9. &#8211; 30.9.<\/td><td class=\"has-text-align-center\" data-align=\"center\">50\u20ac<\/td><\/tr><\/tbody><\/table><figcaption class=\"wp-element-caption\">Air condition included in the price<\/figcaption><\/figure>\n<\/div><\/details><\/div>\n\n\n\n<div class=\"wp-block-coblocks-accordion-item\"><details><summary class=\"wp-block-coblocks-accordion-item__title\">Apartman 3<\/summary><div class=\"wp-block-coblocks-accordion-item__content\">\n<figure class=\"wp-block-table is-style-stripes\"><table class=\"has-fixed-layout\"><tbody><tr><td>Razdoblje<\/td><td class=\"has-text-align-center\" data-align=\"center\">Cijena<\/td><\/tr><tr><td>1.6. &#8211; 30.6.<\/td><td class=\"has-text-align-center\" data-align=\"center\">75\u20ac<\/td><\/tr><tr><td>1.7. &#8211; 31.8.<\/td><td class=\"has-text-align-center\" data-align=\"center\">90\u20ac<\/td><\/tr><tr><td>1.9. &#8211; 30.9.<\/td><td class=\"has-text-align-center\" data-align=\"center\">75\u20ac<\/td><\/tr><\/tbody><\/table><figcaption class=\"wp-element-caption\">Air condition included in the price<\/figcaption><\/figure>\n<\/div><\/details><\/div>\n<\/div>\n\n\n\n<div style=\"height:35px\" aria-hidden=\"true\" class=\"wp-block-spacer\"><\/div>\n\n\n\n<div class=\"wp-block-media-text is-stacked-on-mobile is-vertically-aligned-center is-style-default\" style=\"grid-template-columns:25% auto\"><figure class=\"wp-block-media-text__media\"><img decoding=\"async\" loading=\"lazy\" width=\"600\" height=\"400\" src=\"https:\/\/jelica.prizba.net\/wp-content\/uploads\/2021\/01\/korcula-prizba-apartments-jelica-house-13-600x400.jpg\" alt=\"Betonska pla\u017ea apartmana Jelica i bistro plavo more\" class=\"wp-image-5115 size-medium\" srcset=\"https:\/\/jelica.prizba.net\/wp-content\/uploads\/2021\/01\/korcula-prizba-apartments-jelica-house-13-600x400.jpg 600w, https:\/\/jelica.prizba.net\/wp-content\/uploads\/2021\/01\/korcula-prizba-apartments-jelica-house-13-1200x800.jpg 1200w, https:\/\/jelica.prizba.net\/wp-content\/uploads\/2021\/01\/korcula-prizba-apartments-jelica-house-13-768x512.jpg 768w, https:\/\/jelica.prizba.net\/wp-content\/uploads\/2021\/01\/korcula-prizba-apartments-jelica-house-13-1536x1024.jpg 1536w, https:\/\/jelica.prizba.net\/wp-content\/uploads\/2021\/01\/korcula-prizba-apartments-jelica-house-13-500x333.jpg 500w, https:\/\/jelica.prizba.net\/wp-content\/uploads\/2021\/01\/korcula-prizba-apartments-jelica-house-13-800x534.jpg 800w, https:\/\/jelica.prizba.net\/wp-content\/uploads\/2021\/01\/korcula-prizba-apartments-jelica-house-13-1280x854.jpg 1280w, https:\/\/jelica.prizba.net\/wp-content\/uploads\/2021\/01\/korcula-prizba-apartments-jelica-house-13.jpg 1600w\" sizes=\"(max-width: 600px) 100vw, 600px\" \/><\/figure><div class=\"wp-block-media-text__content\">\n<p class=\"has-large-font-size\">Popunite donji formular za rezerviranje apartmana ili informacije o raspolo\u017eivosti.<\/p>\n<\/div><\/div>\n\n\n\n<div style=\"height:30px\" aria-hidden=\"true\" class=\"wp-block-spacer\"><\/div>\n\n\n\n<div class=\"wpcf7 no-js\" id=\"wpcf7-f2473-o1\" lang=\"en-US\" dir=\"ltr\">\n<div class=\"screen-reader-response\"><p role=\"status\" aria-live=\"polite\" aria-atomic=\"true\"><\/p> <ul><\/ul><\/div>\n<form action=\"\/hr\/wp-json\/wp\/v2\/pages\/3571#wpcf7-f2473-o1\" method=\"post\" class=\"wpcf7-form init\" aria-label=\"Contact form\" novalidate=\"novalidate\" data-status=\"init\">\n<div style=\"display: none;\">\n<input type=\"hidden\" name=\"_wpcf7\" value=\"2473\" \/>\n<input type=\"hidden\" name=\"_wpcf7_version\" value=\"5.8.1\" \/>\n<input type=\"hidden\" name=\"_wpcf7_locale\" value=\"en_US\" \/>\n<input type=\"hidden\" name=\"_wpcf7_unit_tag\" value=\"wpcf7-f2473-o1\" \/>\n<input type=\"hidden\" name=\"_wpcf7_container_post\" value=\"0\" \/>\n<input type=\"hidden\" name=\"_wpcf7_posted_data_hash\" value=\"\" \/>\n<\/div>\n<p><label><span class=\"wpcf7-form-control-wrap\" data-name=\"your-name\"><input size=\"40\" class=\"wpcf7-form-control wpcf7-text wpcf7-validates-as-required\" aria-required=\"true\" aria-invalid=\"false\" placeholder=\"Ime (obavezno)\" value=\"\" type=\"text\" name=\"your-name\" \/><\/span><\/label>\n<\/p>\n<p><label><span class=\"wpcf7-form-control-wrap\" data-name=\"your-email\"><input size=\"40\" class=\"wpcf7-form-control wpcf7-email wpcf7-validates-as-required wpcf7-text wpcf7-validates-as-email\" aria-required=\"true\" aria-invalid=\"false\" placeholder=\"Email (obavezno)\" value=\"\" type=\"email\" name=\"your-email\" \/><\/span><\/label>\n<\/p>\n<p><span class=\"wpcf7-form-control-wrap\" data-name=\"text-arrival\"><input size=\"40\" class=\"wpcf7-form-control wpcf7-text datepicker\" aria-invalid=\"false\" placeholder=\"Dolazak\" value=\"\" type=\"text\" name=\"text-arrival\" \/><\/span>\n<\/p>\n<p><span class=\"wpcf7-form-control-wrap\" data-name=\"text-departure\"><input size=\"40\" class=\"wpcf7-form-control wpcf7-text datepicker\" aria-invalid=\"false\" placeholder=\"Odlazak\" value=\"\" type=\"text\" name=\"text-departure\" \/><\/span>\n<\/p>\n<p><label class=\"cf7width\"><span class=\"wpcf7-form-control-wrap\" data-name=\"adults\"><input size=\"40\" class=\"wpcf7-form-control wpcf7-text\" aria-invalid=\"false\" placeholder=\"Odraslih\" value=\"\" type=\"text\" name=\"adults\" \/><\/span><\/label>\n<\/p>\n<p><label class=\"cf7width cf7right\"\"> <span class=\"wpcf7-form-control-wrap\" data-name=\"children\"><input size=\"40\" class=\"wpcf7-form-control wpcf7-text\" aria-invalid=\"false\" placeholder=\"Djece\" value=\"\" type=\"text\" name=\"children\" \/><\/span><\/label>\n<\/p>\n<div class=\"prehouse\">\n\t<p>ODABERITE APARTMAN:<br \/>\n<span class=\"wpcf7-form-control-wrap\" data-name=\"checkbox-382\"><span class=\"wpcf7-form-control wpcf7-checkbox\"><span class=\"wpcf7-list-item first\"><input type=\"checkbox\" name=\"checkbox-382[]\" value=\"Apartman 1\" \/><span class=\"wpcf7-list-item-label\">Apartman 1<\/span><\/span><span class=\"wpcf7-list-item\"><input type=\"checkbox\" name=\"checkbox-382[]\" value=\"Apartman 2\" \/><span class=\"wpcf7-list-item-label\">Apartman 2<\/span><\/span><span class=\"wpcf7-list-item last\"><input type=\"checkbox\" name=\"checkbox-382[]\" value=\"Apartman 3\" \/><span class=\"wpcf7-list-item-label\">Apartman 3<\/span><\/span><\/span><\/span>\n\t<\/p>\n<\/div>\n<p><label><span class=\"wpcf7-form-control-wrap\" data-name=\"your-message\"><textarea cols=\"40\" rows=\"10\" class=\"wpcf7-form-control wpcf7-textarea\" aria-invalid=\"false\" placeholder=\"Pitanja\" name=\"your-message\"><\/textarea><\/span> <\/label>\n<\/p>\n<p><label><input class=\"wpcf7-form-control wpcf7-submit has-spinner\" type=\"submit\" value=\"Po\u0161alji\" \/><\/label>\n<\/p><p style=\"display: none !important;\"><label>&#916;<textarea name=\"_wpcf7_ak_hp_textarea\" cols=\"45\" rows=\"8\" maxlength=\"100\"><\/textarea><\/label><input type=\"hidden\" id=\"ak_js_1\" name=\"_wpcf7_ak_js\" value=\"35\"\/><script>document.getElementById( \"ak_js_1\" ).setAttribute( \"value\", ( new Date() ).getTime() );<\/script><\/p><div class=\"wpcf7-response-output\" aria-hidden=\"true\"><\/div>\n<\/form>\n<\/div>\n\n","protected":false},"excerpt":{"rendered":"<p>Kontakt i cijene &#8211; Apartmani Jelica Jelica panoramski apartmaniPri\u017eba 6520271 BlatoOtok Kor\u010dula, HrvatskaMob: +385 98 565 099 Cijene Popunite donji formular za rezerviranje apartmana ili informacije o raspolo\u017eivosti.<\/p>\n","protected":false},"author":1,"featured_media":0,"parent":0,"menu_order":18,"comment_status":"closed","ping_status":"closed","template":"","meta":{"_coblocks_attr":"","_coblocks_dimensions":"","_coblocks_responsive_height":"{\"coblocks-shape-divider-021004013\":{\"backgroundHeight\":{\"height\":20},\"shapeHeight\":{\"height\":22}}}","_coblocks_accordion_ie_support":"","_genesis_hide_title":false,"_genesis_hide_breadcrumbs":false,"_genesis_hide_singular_image":false,"_genesis_hide_footer_widgets":false,"_genesis_custom_body_class":"","_genesis_custom_post_class":"","_genesis_layout":"","footnotes":""},"_links":{"self":[{"href":"https:\/\/jelica.prizba.net\/hr\/wp-json\/wp\/v2\/pages\/3571"}],"collection":[{"href":"https:\/\/jelica.prizba.net\/hr\/wp-json\/wp\/v2\/pages"}],"about":[{"href":"https:\/\/jelica.prizba.net\/hr\/wp-json\/wp\/v2\/types\/page"}],"author":[{"embeddable":true,"href":"https:\/\/jelica.prizba.net\/hr\/wp-json\/wp\/v2\/users\/1"}],"replies":[{"embeddable":true,"href":"https:\/\/jelica.prizba.net\/hr\/wp-json\/wp\/v2\/comments?post=3571"}],"version-history":[{"count":4,"href":"https:\/\/jelica.prizba.net\/hr\/wp-json\/wp\/v2\/pages\/3571\/revisions"}],"predecessor-version":[{"id":6132,"href":"https:\/\/jelica.prizba.net\/hr\/wp-json\/wp\/v2\/pages\/3571\/revisions\/6132"}],"wp:attachment":[{"href":"https:\/\/jelica.prizba.net\/hr\/wp-json\/wp\/v2\/media?parent=3571"}],"curies":[{"name":"wp","href":"https:\/\/api.w.org\/{rel}","templated":true}]}}