{"id":3574,"date":"2019-12-17T15:37:36","date_gmt":"2019-12-17T15:37:36","guid":{"rendered":"https:\/\/jelica.prizba.net\/location\/"},"modified":"2021-03-13T14:04:43","modified_gmt":"2021-03-13T12:04:43","slug":"lokacija","status":"publish","type":"page","link":"https:\/\/jelica.prizba.net\/hr\/lokacija\/","title":{"rendered":"Lokacija"},"content":{"rendered":"\n<div class=\"wp-block-cover alignfull is-style-default header-image\" style=\"background-image:url(https:\/\/jelica.prizba.net\/wp-content\/uploads\/2021\/01\/korcula-prizba-apartments-jelica-from-air-11-arrow.jpg);background-position:33% 82%\"><div class=\"wp-block-cover__inner-container is-layout-flow wp-block-cover-is-layout-flow\">\n<p class=\"has-text-align-center has-large-font-size\"><\/p>\n<\/div><\/div>\n\n\n\n<h1 class=\"has-text-align-center wp-block-heading\">Apartmani Jelica Lokacija &#8211; kako do\u0107i do Pri\u017ebe<\/h1>\n\n\n\n<h2 class=\"wp-block-heading\">U ovim uputama<\/h2>\n\n\n\n<ul><li><a href=\"#ferries\">Trajekti do Kor\u010dule<\/a><\/li><li><a href=\"#prizba\">Kako do\u0107i do Pri\u017ebe<\/a><\/li><li><a href=\"#apartments\">Kako prona\u0107i apartmane Jelica<\/a><\/li><li><a href=\"#map\">Karta<\/a><\/li><\/ul>\n\n\n\n<h2 class=\"wp-block-heading\" id=\"ferries\">Trajekti do Ko\u010dule<\/h2>\n\n\n\n<ul><li>Split &#8211; Vela Luka<\/li><li>Orebi\u0107 &#8211; Kor\u010dula s kombinacijom trajekata Plo\u010de &#8211; Trpanj. <\/li><\/ul>\n\n\n\n<p>Put od Splita do Vele Luke traje 3 sata, od Plo\u010da do Trpnja 1 sat te od Orebi\u0107a do Kor\u010dule 15 minuta. Da biste izbjegli gu\u017evu, savjetujemo da stanete u red ispred trajekta najmanje dva sata prije polaska.<\/p>\n\n\n\n<p><a rel=\"noreferrer noopener\" href=\"https:\/\/www.jadrolinija.hr\/en\/ferry-croatia\" target=\"_blank\">Jadrolinija vozni red<\/a><\/p>\n\n\n\n<h2 class=\"wp-block-heading\" id=\"prizba\">Kako do\u0107i do Pri\u017ebe<\/h2>\n\n\n\n<p>Glavna cesta preko otoka vodi od grada Kor\u010dule do Vele Luke. Za do\u0107i u Pri\u017ebu, ako vozite iz smjera Kor\u010dule, treba u Smokvici skrenuti lijevo prema Brni te tamo na prvom kri\u017eanju skrenuti desno.<\/p>\n\n\n\n<p>Ako vozite iz Vele Luke, pro\u0111ite kroz mjesto Blato te na izlazu (200 metara od kraja drvoreda) treba skrenuti desno.<\/p>\n\n\n\n<h2 class=\"wp-block-heading\" id=\"apartments\">Kako prona\u0107i apartmane Jelica<\/h2>\n\n\n\n<p>Pri\u017eba je mjesto koje sa\u010dinjava skup uvalica poluoto\u010di\u0107a i oto\u010di\u0107a. Prote\u017ee se na prostoru oko 4 kilometra na ju\u017enoj strani otoka Kor\u010dule.<\/p>\n\n\n\n<p>Apartmani Jelica nalaze se 2 kilometra od ulaza u Pri\u017ebu iz smjera mjesta Blata i Vele Luke, a kilometar i pol od ulaza u Pri\u017ebu iz smjera Kor\u010dule, Smokvice i Brne.<br>Pogledajte smje\u0161taj ku\u0107e na prilo\u017eenom zemljovidu.<\/p>\n\n\n\n<div style=\"height:30px\" aria-hidden=\"true\" class=\"wp-block-spacer\"><\/div>\n\n\n\n<h2 class=\"wp-block-heading\" id=\"map\">Karta<\/h2>\n\n\n\n<div class=\"wp-block-media-text is-stacked-on-mobile\" style=\"grid-template-columns:30% auto\"><figure class=\"wp-block-media-text__media\"><img decoding=\"async\" src=\"https:\/\/jelica.prizba.net\/wp-content\/uploads\/2021\/01\/korcula-prizba-apartments-jelica-from-air-17-arrow-1200x800.jpg\" alt=\"Strelica koja pokazuje na lokaciju ku\u0107e Jelica iznad pla\u017ee\" class=\"wp-image-5153 size-medium\"\/><\/figure><div class=\"wp-block-media-text__content\">\n<p class=\"has-large-font-size\">Kliknite poveznicu  &#8220;Upute&#8221; za detaljne informacije kako do\u0107i s va\u0161e lokacije do Apartmana Jelica.<\/p>\n<\/div><\/div>\n\n\n\n\n\n<div style=\"height:30px\" aria-hidden=\"true\" class=\"wp-block-spacer\"><\/div>\n\n\n<div class=\"wpbs_s-search-widget\" data-calendars=\"all\" data-language=\"hr\" data-title=\"yes\" data-mark_selection=\"yes\" ><div class=\"wpbs_s-search-widget-form-wrap\"><h2>Pretraga raspolo\u017eivosti<\/h2>\r\n\r\n<form action=\"#\" class=\"wpbs_s-search-widget-form\" autocomplete=\"off\">\r\n\r\n    <div class=\"wpbs_s-search-widget-field\">\r\n        <label for=\"wpbs_s-search-widget-datepicker-start-date\">Dolazak<\/label>\r\n        <input type=\"text\" value=\"\" id=\"wpbs_s-search-widget-datepicker-start-date\" class=\"wpbs_s-search-widget-datepicker wpbs_s-search-widget-datepicker-start-date\" name=\"start-date\" \/>\r\n    <\/div>\r\n\r\n    <div class=\"wpbs_s-search-widget-field\">\r\n        <label for=\"wpbs_s-search-widget-datepicker-end-date\">Odlazak<\/label>\r\n        <input type=\"text\" value=\"\" id=\"wpbs_s-search-widget-datepicker-end-date\" class=\"wpbs_s-search-widget-datepicker wpbs_s-search-widget-datepicker-end-date\" name=\"end-date\" \/>\r\n    <\/div>\r\n\r\n    <div class=\"wpbs_s-search-widget-field wpbs_s-search-widget-field-submit\">\r\n        <button class=\"wpbs_s-search-widget-datepicker-submit\">Pretra\u017eivanje<\/button>\r\n    <\/div>\r\n\r\n<\/form>\r\n<\/div><div class=\"wpbs_s-search-widget-results-wrap\"><\/div><style>.wpbs_s-search-widget .wpbs_s-search-widget-form .wpbs_s-search-widget-field button.wpbs_s-search-widget-datepicker-submit, .wpbs_s-search-widget .wpbs_s-search-widget-form .wpbs_s-search-widget-field input[type=\"submit\"], .wpbs_s-search-widget .wpbs_s-search-widget-results-wrap .wpbs_s-search-widget-result .wpbs_s-search-widget-result-button {background-color: #aaaaaa !important; color: #ffffff !important; }.wpbs_s-search-widget .wpbs_s-search-widget-form .wpbs_s-search-widget-field button.wpbs_s-search-widget-datepicker-submit:hover, .wpbs_s-search-widget .wpbs_s-search-widget-form .wpbs_s-search-widget-field input[type=\"submit\"]:hover , .wpbs_s-search-widget .wpbs_s-search-widget-results-wrap .wpbs_s-search-widget-result .wpbs_s-search-widget-result-button:hover {background-color: #7f7f7f !important;  color: #ffffff !important; }.ui-datepicker.wpbs-datepicker td.ui-datepicker-current-day {background-color: #aaaaaa !important; }.ui-datepicker.wpbs-datepicker td.ui-datepicker-current-day a { color: #ffffff !important; }.ui-datepicker.wpbs-datepicker td .ui-state-default.ui-state-hover {background-color: #7f7f7f !important;  color: #ffffff !important; }<\/style><div class=\"wpbs-search-container-loaded\" data-just-loaded=\"1\"><\/div><\/div>\n\n\n<div class=\"wp-block-buttons aligncenter is-layout-flex wp-block-buttons-is-layout-flex\">\n<div class=\"wp-block-button popupkontakt\"><a class=\"wp-block-button__link no-border-radius\">PO\u0160ALJITE UPIT<\/a><\/div>\n<\/div>\n","protected":false},"excerpt":{"rendered":"<p>Apartmani Jelica Lokacija &#8211; kako do\u0107i do Pri\u017ebe U ovim uputama Trajekti do Kor\u010dule Kako do\u0107i do Pri\u017ebe Kako prona\u0107i apartmane Jelica Karta Trajekti do Ko\u010dule Split &#8211; Vela Luka Orebi\u0107 &#8211; Kor\u010dula s kombinacijom trajekata Plo\u010de &#8211; Trpanj. Put od Splita do Vele Luke traje 3 sata, od Plo\u010da do Trpnja 1 sat te [&hellip;]<\/p>\n","protected":false},"author":1,"featured_media":5141,"parent":0,"menu_order":15,"comment_status":"closed","ping_status":"closed","template":"","meta":{"_coblocks_attr":"","_coblocks_dimensions":"","_coblocks_responsive_height":"","_coblocks_accordion_ie_support":"","_genesis_hide_title":false,"_genesis_hide_breadcrumbs":false,"_genesis_hide_singular_image":false,"_genesis_hide_footer_widgets":false,"_genesis_custom_body_class":"","_genesis_custom_post_class":"","_genesis_layout":"","footnotes":""},"_links":{"self":[{"href":"https:\/\/jelica.prizba.net\/hr\/wp-json\/wp\/v2\/pages\/3574"}],"collection":[{"href":"https:\/\/jelica.prizba.net\/hr\/wp-json\/wp\/v2\/pages"}],"about":[{"href":"https:\/\/jelica.prizba.net\/hr\/wp-json\/wp\/v2\/types\/page"}],"author":[{"embeddable":true,"href":"https:\/\/jelica.prizba.net\/hr\/wp-json\/wp\/v2\/users\/1"}],"replies":[{"embeddable":true,"href":"https:\/\/jelica.prizba.net\/hr\/wp-json\/wp\/v2\/comments?post=3574"}],"version-history":[{"count":0,"href":"https:\/\/jelica.prizba.net\/hr\/wp-json\/wp\/v2\/pages\/3574\/revisions"}],"wp:featuredmedia":[{"embeddable":true,"href":"https:\/\/jelica.prizba.net\/hr\/wp-json\/wp\/v2\/media\/5141"}],"wp:attachment":[{"href":"https:\/\/jelica.prizba.net\/hr\/wp-json\/wp\/v2\/media?parent=3574"}],"curies":[{"name":"wp","href":"https:\/\/api.w.org\/{rel}","templated":true}]}}